{"id":14,"date":"2014-07-18T17:11:58","date_gmt":"2014-07-18T16:11:58","guid":{"rendered":"http:\/\/co-vet.com\/?page_id=14"},"modified":"2014-09-16T10:59:21","modified_gmt":"2014-09-16T09:59:21","slug":"la-co-vet","status":"publish","type":"page","link":"https:\/\/co-vet.com\/?page_id=14","title":{"rendered":"La CO.VET."},"content":{"rendered":"<div class=\"article_title\"><strong>La CO.VET. di Marco Vertri opera nel settore della derattizzazione, disinfestazione e disinfezione.<\/strong><\/div>\n<div id=\"txtel_1\" class=\"article_body\">\n<p><strong>I suoi interventi sono rivolti a tutte le specie infestanti quali:<\/strong><\/p>\n<p><strong>topi, ratti, insetti striscianti e volatori (blatte, formiche, tarli, tarme, mosche, zanzare, vespe, pulci, zecche, cimici).<\/strong><\/p>\n<p><img loading=\"lazy\" decoding=\"async\" class=\"alignright size-medium wp-image-33\" src=\"http:\/\/co-vet.com\/wp-content\/uploads\/2014\/07\/trattamento_termit-300x215.jpg\" alt=\"trattamento_termit\" width=\"300\" height=\"215\" srcset=\"https:\/\/co-vet.com\/wp-content\/uploads\/2014\/07\/trattamento_termit-300x215.jpg 300w, https:\/\/co-vet.com\/wp-content\/uploads\/2014\/07\/trattamento_termit.jpg 931w\" sizes=\"auto, (max-width: 300px) 100vw, 300px\" \/><\/p>\n<p><strong>Inoltre si eseguono interventi di disinfezione contro\u00a0acari, virus, muffe, batteri e microbi.<\/strong><\/p>\n<div class=\"element article\">\n<div class=\"text01 imageRight backgrounded\">\n<div class=\"article_title\"><strong>Detergenza<\/strong><\/div>\n<div class=\"images\"><\/div>\n<div id=\"txtel_2\" class=\"article_body\">\n<p><strong>Nell\u2019ultimo decennio ci siamo adoperati anche nel settore della commercializzazione di tutti gli articoli monouso in carta, plastica e alluminio, offrendo ai nostri clienti un servizio sempre pi\u00f9 completo e vicino alle loro esigenze, non solo in quelle relative ai problemi di pulizia ed igiene.<\/strong><\/p>\n<\/div>\n<\/div>\n<\/div>\n<div class=\"article_title\"><strong>La Qualit\u00e0<\/strong><\/div>\n<div class=\"images\"><\/div>\n<div id=\"txtel_3\" class=\"article_body\">\n<p><strong>La nostra pi\u00f9 importante qualit\u00e0 aziendale \u00e8 l&#8217;offerta di servizi di qualit\u00e0 avvicinandoci all&#8217; esigenze dei nostri\u00a0 clienti.<\/strong><\/p>\n<p><img loading=\"lazy\" decoding=\"async\" class=\"alignleft wp-image-35 size-medium\" src=\"http:\/\/co-vet.com\/wp-content\/uploads\/2014\/07\/trattamento_2-300x224.jpg\" alt=\"trattamento_2\" width=\"300\" height=\"224\" srcset=\"https:\/\/co-vet.com\/wp-content\/uploads\/2014\/07\/trattamento_2-300x224.jpg 300w, https:\/\/co-vet.com\/wp-content\/uploads\/2014\/07\/trattamento_2-345x259.jpg 345w, https:\/\/co-vet.com\/wp-content\/uploads\/2014\/07\/trattamento_2.jpg 800w\" sizes=\"auto, (max-width: 300px) 100vw, 300px\" \/><\/p>\n<p>&nbsp;<\/p>\n<p><strong>Inoltre ci proponiamo nella vendita di marchi leader nel mercato nazionale, garantendo al cliente:<\/strong><\/p>\n<ul>\n<li><strong>qualit\u00e0 dei prodotti;<\/strong><\/li>\n<li><strong>rispetto delle normative di legge riguardo formulati, etichette, schede tecniche e schede di sicurezza;<\/strong><\/li>\n<li><strong>servizio continuo di assistenza al cliente;<\/strong><\/li>\n<li><strong>consulenza e analisi di controllo sui principi del sistema H.A.C.C.P.<\/strong><\/li>\n<\/ul>\n<p>&nbsp;<\/p>\n<div class=\"colDX\">\n<div class=\"element article\">\n<div class=\"text01 imageRight backgrounded\">\n<div id=\"txtel_3\" class=\"article_body\">\n<p><strong>I prodotti utilizzati sono tra i migliori marchi nazionali del settore e sono:<\/strong><\/p>\n<ul>\n<li><strong>INDIA<\/strong><strong><img loading=\"lazy\" decoding=\"async\" class=\"alignright size-medium wp-image-39\" src=\"http:\/\/co-vet.com\/wp-content\/uploads\/2014\/07\/disinfestaz-300x163.jpg\" alt=\"disinfestaz\" width=\"300\" height=\"163\" srcset=\"https:\/\/co-vet.com\/wp-content\/uploads\/2014\/07\/disinfestaz-300x163.jpg 300w, https:\/\/co-vet.com\/wp-content\/uploads\/2014\/07\/disinfestaz.jpg 580w\" sizes=\"auto, (max-width: 300px) 100vw, 300px\" \/><\/strong><\/li>\n<li><strong>LUCART<\/strong><\/li>\n<li><strong>COPYR<\/strong><\/li>\n<li><strong>SANITEC<\/strong><\/li>\n<li><strong>TTS<\/strong><\/li>\n<li><strong>ROYAL<\/strong><\/li>\n<li><strong>3M<\/strong><\/li>\n<li><strong>IPC PORTOTECNICA<\/strong><\/li>\n<\/ul>\n<\/div>\n<\/div>\n<\/div>\n<\/div>\n<\/div>\n<\/div>\n","protected":false},"excerpt":{"rendered":"<p>La CO.VET. di Marco Vertri opera nel settore della derattizzazione, disinfestazione e disinfezione. I suoi interventi sono rivolti a tutte le specie infestanti quali: topi, ratti, insetti striscianti e volatori (blatte, formiche, tarli, tarme, mosche, zanzare, vespe, pulci, zecche, cimici). Inoltre si eseguono interventi di disinfezione contro\u00a0acari, virus, muffe, batteri e microbi. Detergenza Nell\u2019ultimo decennio ci siamo adoperati anche nel settore della commercializzazione di tutti gli articoli monouso in carta,&hellip; <\/p>\n","protected":false},"author":1,"featured_media":0,"parent":0,"menu_order":2,"comment_status":"closed","ping_status":"closed","template":"layouts\/page-fullwidth.php","meta":{"footnotes":""},"class_list":["post-14","page","type-page","status-publish","hentry"],"_links":{"self":[{"href":"https:\/\/co-vet.com\/index.php?rest_route=\/wp\/v2\/pages\/14","targetHints":{"allow":["GET"]}}],"collection":[{"href":"https:\/\/co-vet.com\/index.php?rest_route=\/wp\/v2\/pages"}],"about":[{"href":"https:\/\/co-vet.com\/index.php?rest_route=\/wp\/v2\/types\/page"}],"author":[{"embeddable":true,"href":"https:\/\/co-vet.com\/index.php?rest_route=\/wp\/v2\/users\/1"}],"replies":[{"embeddable":true,"href":"https:\/\/co-vet.com\/index.php?rest_route=%2Fwp%2Fv2%2Fcomments&post=14"}],"version-history":[{"count":10,"href":"https:\/\/co-vet.com\/index.php?rest_route=\/wp\/v2\/pages\/14\/revisions"}],"predecessor-version":[{"id":57,"href":"https:\/\/co-vet.com\/index.php?rest_route=\/wp\/v2\/pages\/14\/revisions\/57"}],"wp:attachment":[{"href":"https:\/\/co-vet.com\/index.php?rest_route=%2Fwp%2Fv2%2Fmedia&parent=14"}],"curies":[{"name":"wp","href":"https:\/\/api.w.org\/{rel}","templated":true}]}}